{"id":5754,"date":"2021-03-13T11:08:43","date_gmt":"2021-03-13T10:08:43","guid":{"rendered":"https:\/\/www.boerenbondsmuseum.nl\/privacy\/"},"modified":"2025-12-24T11:41:27","modified_gmt":"2025-12-24T10:41:27","slug":"privacy","status":"publish","type":"page","link":"https:\/\/www.boerenbondsmuseum.nl\/de\/privacy\/","title":{"rendered":"Datenschutzerkl\u00e4rung"},"content":{"rendered":"<p><strong>Boerenbondsmuseum Gemert<\/strong>, Pandelaar 106, 5421 NJ Gemert, ist f\u00fcr die Verarbeitung personenbezogener Daten gem\u00e4\u00df dieser Datenschutzerkl\u00e4rung verantwortlich.<\/p>\n<h2>Kontaktdaten<\/h2>\n<p><strong>Stichting Pater van den Elsen Boerenbondsmuseum<\/strong><\/p>\n<p>Adresse: Pandelaar 106, 5421 NJ Gemert<\/p>\n<p><a href=\"tel:+31492366444\">Telefon: 0492\u2011366444 <\/a><\/p>\n<p>Der Sekret\u00e4r ist der Datenschutzbeauftragte und erreichbar unter <a href=\"mailto:info@boerenbondsmuseum.nl?Subject=Privacy statement (DUI)\">info@boerenbondsmuseum.nl<\/a>.<\/p>\n<h2>Personenbezogene Daten, die wir verarbeiten<\/h2>\n<p>Boerenbondsmuseum Gemert verarbeitet personenbezogene Daten, weil Sie unsere Dienste nutzen und\/oder uns diese selbst zur Verf\u00fcgung stellen.<\/p>\n<h3>\u00dcbersicht der verarbeiteten personenbezogenen Daten<\/h3>\n<p>Boerenbondsmuseum Gemert verarbeitet <strong>keine<\/strong> personenbezogenen Daten \u00fcber die Website, da dort keine Daten eingegeben werden k\u00f6nnen. Wir verwenden auch keine Social\u2011Media\u2011Plugins.<\/p>\n<h2>Besondere und\/oder sensible Daten<\/h2>\n<p>Unsere Website beabsichtigt nicht, Daten von Besuchern unter 16 Jahren zu sammeln, es sei denn mit Zustimmung eines Elternteils oder Vormunds. Wir k\u00f6nnen das Alter der Besucher nicht \u00fcberpr\u00fcfen. Wir empfehlen Eltern daher, die Online\u2011Aktivit\u00e4ten ihrer Kinder zu begleiten.<\/p>\n<p>Wenn Sie glauben, dass wir Daten \u00fcber Minderj\u00e4hrige ohne Zustimmung gesammelt haben, kontaktieren Sie uns bitte unter <strong>ict@boerenbondsmuseum.nl<\/strong>. Wir l\u00f6schen diese Daten umgehend.<\/p>\n<h2>Zweck und Rechtsgrundlage der Verarbeitung<\/h2>\n<p>Wir verarbeiten personenbezogene Daten, um:<\/p>\n<ul>\n<li>Sie telefonisch oder per E\u2011Mail zu kontaktieren, wenn dies zur Durchf\u00fchrung unserer Dienstleistungen erforderlich ist.<\/li>\n<\/ul>\n<h2>Automatisierte Entscheidungsfindung<\/h2>\n<p>Boerenbondsmuseum Gemert trifft <strong>keine<\/strong> Entscheidungen ausschlie\u00dflich auf Basis automatisierter Verarbeitung, die erhebliche Auswirkungen auf Personen haben k\u00f6nnten.<\/p>\n<h2>Aufbewahrungsfristen<\/h2>\n<p>Wir speichern personenbezogene Daten nicht l\u00e4nger als notwendig, um die Zwecke zu erf\u00fcllen, f\u00fcr die sie erhoben wurden.<\/p>\n<h2>Weitergabe personenbezogener Daten an Dritte<\/h2>\n<p>Wir geben personenbezogene Daten nur an Dritte weiter, wenn dies zur Vertragserf\u00fcllung oder zur Erf\u00fcllung gesetzlicher Pflichten erforderlich ist.<\/p>\n<h2>Cookies<\/h2>\n<ul>\n<li>Boerenbondsmuseum Gemert verwendet ausschlie\u00dflich technische und funktionale Cookies sowie analytische Cookies, die Ihre Privatsph\u00e4re nicht beeintr\u00e4chtigen.<\/li>\n<li>Ein Cookie ist eine kleine Textdatei, die beim ersten Besuch unserer Website auf Ihrem Ger\u00e4t gespeichert wird. Diese Cookies gew\u00e4hrleisten die technische Funktionsf\u00e4higkeit der Website und speichern Ihre Einstellungen. Au\u00dferdem helfen sie uns, die Website zu optimieren.<\/li>\n<li>Sie k\u00f6nnen Cookies \u00fcber die Einstellungen Ihres Browsers deaktivieren und gespeicherte Daten l\u00f6schen.<\/li>\n<li>Weitere Informationen: <span tabindex=\"0\" role=\"button\" data-url=\"https:\/\/veiliginternetten.nl\/themes\/situatie\/cookies-wat-zijn-het-en-wat-doe-ik-ermee\/\" aria-label=\"https:\/\/veiliginternetten.nl\/themes\/situatie\/cookies-wat-zijn-het-en-wat-doe-ik-ermee\/, hiermee ga je naar veiliginternetten.nl\">https:\/\/veiliginternetten.nl\/themes\/situatie\/cookies-wat-zijn-het-en-wat-doe-ik-ermee\/<\/span><\/li>\n<\/ul>\n<h2>Ihre Rechte<\/h2>\n<ul>\n<li>Sie haben das Recht auf Auskunft, Berichtigung oder L\u00f6schung Ihrer Daten. Sie k\u00f6nnen Ihre Einwilligung widerrufen, der Verarbeitung widersprechen oder die \u00dcbertragbarkeit Ihrer Daten anfordern.<\/li>\n<li>Zur Identit\u00e4tspr\u00fcfung bitten wir Sie, eine Kopie Ihres Ausweises beizulegen, wobei Foto, MRZ, Passnummer und BSN geschw\u00e4rzt sein m\u00fcssen.<\/li>\n<li>Wir antworten so schnell wie m\u00f6glich, sp\u00e4testens jedoch innerhalb von vier Wochen.<\/li>\n<li>Sie k\u00f6nnen au\u00dferdem eine Beschwerde bei der niederl\u00e4ndischen Datenschutzbeh\u00f6rde einreichen.<\/li>\n<\/ul>\n<h2>Datensicherheit<\/h2>\n<p>Wir nehmen den Schutz Ihrer Daten sehr ernst und ergreifen geeignete Ma\u00dfnahmen gegen Missbrauch, Verlust, unbefugten Zugriff oder unerw\u00fcnschte Offenlegung. Wenn Sie Hinweise auf unsichere Datenverarbeitung haben, kontaktieren Sie uns bitte unter <strong>ict@boerenbondsmuseum.nl<\/strong>.<\/p>\n","protected":false},"excerpt":{"rendered":"<p>Boerenbondsmuseum Gemert, Pandelaar 106, 5421 NJ Gemert, ist f\u00fcr die Verarbeitung personenbezogener Daten gem\u00e4\u00df dieser Datenschutzerkl\u00e4rung verantwortlich. Kontaktdaten Stichting Pater van den Elsen Boerenbondsmuseum Adresse: Pandelaar 106, 5421 NJ Gemert Telefon: 0492\u2011366444 Der Sekret\u00e4r ist der Datenschutzbeauftragte und erreichbar unter info@boerenbondsmuseum.nl. Personenbezogene Daten, die wir verarbeiten Boerenbondsmuseum Gemert verarbeitet personenbezogene Daten, weil Sie unsere Dienste [&hellip;]<\/p>\n","protected":false},"author":2,"featured_media":0,"parent":0,"menu_order":0,"comment_status":"closed","ping_status":"closed","template":"template-clean.php","meta":{"_acf_changed":false,"footnotes":""},"class_list":["post-5754","page","type-page","status-publish","hentry"],"acf":[],"yoast_head":"<!-- This site is optimized with the Yoast SEO plugin v27.0 - https:\/\/yoast.com\/product\/yoast-seo-wordpress\/ -->\n<title>Datenschutzerkl\u00e4rung - Boerenbondsmuseum<\/title>\n<meta name=\"robots\" content=\"index, follow, max-snippet:-1, max-image-preview:large, max-video-preview:-1\" \/>\n<link rel=\"canonical\" href=\"https:\/\/www.boerenbondsmuseum.nl\/de\/privacy\/\" \/>\n<meta property=\"og:locale\" content=\"de_DE\" \/>\n<meta property=\"og:type\" content=\"article\" \/>\n<meta property=\"og:title\" content=\"Datenschutzerkl\u00e4rung - Boerenbondsmuseum\" \/>\n<meta property=\"og:description\" content=\"Boerenbondsmuseum Gemert, Pandelaar 106, 5421 NJ Gemert, ist f\u00fcr die Verarbeitung personenbezogener Daten gem\u00e4\u00df dieser Datenschutzerkl\u00e4rung verantwortlich. Kontaktdaten Stichting Pater van den Elsen Boerenbondsmuseum Adresse: Pandelaar 106, 5421 NJ Gemert Telefon: 0492\u2011366444 Der Sekret\u00e4r ist der Datenschutzbeauftragte und erreichbar unter info@boerenbondsmuseum.nl. Personenbezogene Daten, die wir verarbeiten Boerenbondsmuseum Gemert verarbeitet personenbezogene Daten, weil Sie unsere Dienste [&hellip;]\" \/>\n<meta property=\"og:url\" content=\"https:\/\/www.boerenbondsmuseum.nl\/de\/privacy\/\" \/>\n<meta property=\"og:site_name\" content=\"Boerenbondsmuseum\" \/>\n<meta property=\"article:modified_time\" content=\"2025-12-24T10:41:27+00:00\" \/>\n<meta name=\"twitter:card\" content=\"summary_large_image\" \/>\n<meta name=\"twitter:label1\" content=\"Gesch\u00e4tzte Lesezeit\" \/>\n\t<meta name=\"twitter:data1\" content=\"2\u00a0Minuten\" \/>\n<!-- \/ Yoast SEO plugin. -->","yoast_head_json":{"title":"Datenschutzerkl\u00e4rung - Boerenbondsmuseum","robots":{"index":"index","follow":"follow","max-snippet":"max-snippet:-1","max-image-preview":"max-image-preview:large","max-video-preview":"max-video-preview:-1"},"canonical":"https:\/\/www.boerenbondsmuseum.nl\/de\/privacy\/","og_locale":"de_DE","og_type":"article","og_title":"Datenschutzerkl\u00e4rung - Boerenbondsmuseum","og_description":"Boerenbondsmuseum Gemert, Pandelaar 106, 5421 NJ Gemert, ist f\u00fcr die Verarbeitung personenbezogener Daten gem\u00e4\u00df dieser Datenschutzerkl\u00e4rung verantwortlich. Kontaktdaten Stichting Pater van den Elsen Boerenbondsmuseum Adresse: Pandelaar 106, 5421 NJ Gemert Telefon: 0492\u2011366444 Der Sekret\u00e4r ist der Datenschutzbeauftragte und erreichbar unter info@boerenbondsmuseum.nl. Personenbezogene Daten, die wir verarbeiten Boerenbondsmuseum Gemert verarbeitet personenbezogene Daten, weil Sie unsere Dienste [&hellip;]","og_url":"https:\/\/www.boerenbondsmuseum.nl\/de\/privacy\/","og_site_name":"Boerenbondsmuseum","article_modified_time":"2025-12-24T10:41:27+00:00","twitter_card":"summary_large_image","twitter_misc":{"Gesch\u00e4tzte Lesezeit":"2\u00a0Minuten"},"schema":{"@context":"https:\/\/schema.org","@graph":[{"@type":"WebPage","@id":"https:\/\/www.boerenbondsmuseum.nl\/de\/privacy\/","url":"https:\/\/www.boerenbondsmuseum.nl\/de\/privacy\/","name":"Datenschutzerkl\u00e4rung - Boerenbondsmuseum","isPartOf":{"@id":"https:\/\/www.boerenbondsmuseum.nl\/de\/#website"},"datePublished":"2021-03-13T10:08:43+00:00","dateModified":"2025-12-24T10:41:27+00:00","inLanguage":"de","potentialAction":[{"@type":"ReadAction","target":["https:\/\/www.boerenbondsmuseum.nl\/de\/privacy\/"]}]},{"@type":"WebSite","@id":"https:\/\/www.boerenbondsmuseum.nl\/de\/#website","url":"https:\/\/www.boerenbondsmuseum.nl\/de\/","name":"Boerenbondsmuseum","description":"Boerenbondsmuseum","potentialAction":[{"@type":"SearchAction","target":{"@type":"EntryPoint","urlTemplate":"https:\/\/www.boerenbondsmuseum.nl\/de\/?s={search_term_string}"},"query-input":{"@type":"PropertyValueSpecification","valueRequired":true,"valueName":"search_term_string"}}],"inLanguage":"de"}]}},"_links":{"self":[{"href":"https:\/\/www.boerenbondsmuseum.nl\/de\/wp-json\/wp\/v2\/pages\/5754","targetHints":{"allow":["GET"]}}],"collection":[{"href":"https:\/\/www.boerenbondsmuseum.nl\/de\/wp-json\/wp\/v2\/pages"}],"about":[{"href":"https:\/\/www.boerenbondsmuseum.nl\/de\/wp-json\/wp\/v2\/types\/page"}],"author":[{"embeddable":true,"href":"https:\/\/www.boerenbondsmuseum.nl\/de\/wp-json\/wp\/v2\/users\/2"}],"replies":[{"embeddable":true,"href":"https:\/\/www.boerenbondsmuseum.nl\/de\/wp-json\/wp\/v2\/comments?post=5754"}],"version-history":[{"count":4,"href":"https:\/\/www.boerenbondsmuseum.nl\/de\/wp-json\/wp\/v2\/pages\/5754\/revisions"}],"predecessor-version":[{"id":5763,"href":"https:\/\/www.boerenbondsmuseum.nl\/de\/wp-json\/wp\/v2\/pages\/5754\/revisions\/5763"}],"wp:attachment":[{"href":"https:\/\/www.boerenbondsmuseum.nl\/de\/wp-json\/wp\/v2\/media?parent=5754"}],"curies":[{"name":"wp","href":"https:\/\/api.w.org\/{rel}","templated":true}]}}