{"id":5737,"date":"2024-03-28T15:37:35","date_gmt":"2024-03-28T14:37:35","guid":{"rendered":"https:\/\/www.boerenbondsmuseum.nl\/oeffnungszeiten\/"},"modified":"2026-04-10T16:13:52","modified_gmt":"2026-04-10T14:13:52","slug":"oeffnungszeiten","status":"publish","type":"page","link":"https:\/\/www.boerenbondsmuseum.nl\/de\/oeffnungszeiten\/","title":{"rendered":"\u00d6ffnungszeiten"},"content":{"rendered":"<h2>Lorem ipsum dolor sit amet<\/h2>\n<p>Consectetur adipiscing elit. Aenean vitae semper eros, hendrerit varius sapien. Curabitur aliquet sit amet nulla in dignissim. Pellentesque interdum metus vitae scelerisque blandit. Sed eleifend at erat nec sollicitudin. Aliquam venenatis mollis nisl a luctus. Sed est massa, ornare id pretium vehicula, bibendum non velit. Vivamus tempor tincidunt magna sit amet consectetur. Integer enim urna, faucibus ut pretium quis, pellentesque pretium lorem. Nullam imperdiet libero congue turpis pharetra, eu tempus lacus viverra. Morbi lorem metus, pharetra ac tincidunt et, pretium ut enim.<\/p>\n<h2>Donec risus ipsum<\/h2>\n<p>Ullamcorper eget ultrices vitae, pharetra sed dolor. Orci varius natoque penatibus et magnis dis parturient montes, nascetur ridiculus mus. Sed tempor convallis turpis nec suscipit. Cras sodales mattis orci, a accumsan sapien mattis sed. Sed non erat vitae turpis maximus gravida. Fusce egestas, diam sed fringilla tincidunt, dolor diam congue neque, in finibus quam ligula dignissim eros.<\/p>\n","protected":false},"excerpt":{"rendered":"<p>Lorem ipsum dolor sit amet Consectetur adipiscing elit. Aenean vitae semper eros, hendrerit varius sapien. Curabitur aliquet sit amet nulla in dignissim. Pellentesque interdum metus vitae scelerisque blandit. Sed eleifend at erat nec sollicitudin. Aliquam venenatis mollis nisl a luctus. Sed est massa, ornare id pretium vehicula, bibendum non velit. Vivamus tempor tincidunt magna sit [&hellip;]<\/p>\n","protected":false},"author":2,"featured_media":0,"parent":0,"menu_order":0,"comment_status":"closed","ping_status":"closed","template":"","meta":{"_acf_changed":false,"footnotes":""},"class_list":["post-5737","page","type-page","status-publish","hentry"],"acf":[],"yoast_head":"<!-- This site is optimized with the Yoast SEO plugin v27.0 - https:\/\/yoast.com\/product\/yoast-seo-wordpress\/ -->\n<title>\u00d6ffnungszeiten - Boerenbondsmuseum<\/title>\n<meta name=\"description\" content=\"Vom 29. M\u00e4rz bis 1. November ist das Museum dienstags bis donnerstags sowie samstags und sonntags von 13:00 bis 17:00 Uhr ge\u00f6ffnet.\" \/>\n<meta name=\"robots\" content=\"index, follow, max-snippet:-1, max-image-preview:large, max-video-preview:-1\" \/>\n<link rel=\"canonical\" href=\"https:\/\/www.boerenbondsmuseum.nl\/de\/oeffnungszeiten\/\" \/>\n<meta property=\"og:locale\" content=\"de_DE\" \/>\n<meta property=\"og:type\" content=\"article\" \/>\n<meta property=\"og:title\" content=\"\u00d6ffnungszeiten - Boerenbondsmuseum\" \/>\n<meta property=\"og:description\" content=\"Vom 29. M\u00e4rz bis 1. November ist das Museum dienstags bis donnerstags sowie samstags und sonntags von 13:00 bis 17:00 Uhr ge\u00f6ffnet.\" \/>\n<meta property=\"og:url\" content=\"https:\/\/www.boerenbondsmuseum.nl\/de\/oeffnungszeiten\/\" \/>\n<meta property=\"og:site_name\" content=\"Boerenbondsmuseum\" \/>\n<meta property=\"article:modified_time\" content=\"2026-04-10T14:13:52+00:00\" \/>\n<meta name=\"twitter:card\" content=\"summary_large_image\" \/>\n<meta name=\"twitter:label1\" content=\"Gesch\u00e4tzte Lesezeit\" \/>\n\t<meta name=\"twitter:data1\" content=\"1\u00a0Minute\" \/>\n<!-- \/ Yoast SEO plugin. -->","yoast_head_json":{"title":"\u00d6ffnungszeiten - Boerenbondsmuseum","description":"Vom 29. M\u00e4rz bis 1. November ist das Museum dienstags bis donnerstags sowie samstags und sonntags von 13:00 bis 17:00 Uhr ge\u00f6ffnet.","robots":{"index":"index","follow":"follow","max-snippet":"max-snippet:-1","max-image-preview":"max-image-preview:large","max-video-preview":"max-video-preview:-1"},"canonical":"https:\/\/www.boerenbondsmuseum.nl\/de\/oeffnungszeiten\/","og_locale":"de_DE","og_type":"article","og_title":"\u00d6ffnungszeiten - Boerenbondsmuseum","og_description":"Vom 29. M\u00e4rz bis 1. November ist das Museum dienstags bis donnerstags sowie samstags und sonntags von 13:00 bis 17:00 Uhr ge\u00f6ffnet.","og_url":"https:\/\/www.boerenbondsmuseum.nl\/de\/oeffnungszeiten\/","og_site_name":"Boerenbondsmuseum","article_modified_time":"2026-04-10T14:13:52+00:00","twitter_card":"summary_large_image","twitter_misc":{"Gesch\u00e4tzte Lesezeit":"1\u00a0Minute"},"schema":{"@context":"https:\/\/schema.org","@graph":[{"@type":"WebPage","@id":"https:\/\/www.boerenbondsmuseum.nl\/de\/oeffnungszeiten\/","url":"https:\/\/www.boerenbondsmuseum.nl\/de\/oeffnungszeiten\/","name":"\u00d6ffnungszeiten - Boerenbondsmuseum","isPartOf":{"@id":"https:\/\/www.boerenbondsmuseum.nl\/de\/#website"},"datePublished":"2024-03-28T14:37:35+00:00","dateModified":"2026-04-10T14:13:52+00:00","description":"Vom 29. M\u00e4rz bis 1. November ist das Museum dienstags bis donnerstags sowie samstags und sonntags von 13:00 bis 17:00 Uhr ge\u00f6ffnet.","inLanguage":"de","potentialAction":[{"@type":"ReadAction","target":["https:\/\/www.boerenbondsmuseum.nl\/de\/oeffnungszeiten\/"]}]},{"@type":"WebSite","@id":"https:\/\/www.boerenbondsmuseum.nl\/de\/#website","url":"https:\/\/www.boerenbondsmuseum.nl\/de\/","name":"Boerenbondsmuseum","description":"Boerenbondsmuseum","potentialAction":[{"@type":"SearchAction","target":{"@type":"EntryPoint","urlTemplate":"https:\/\/www.boerenbondsmuseum.nl\/de\/?s={search_term_string}"},"query-input":{"@type":"PropertyValueSpecification","valueRequired":true,"valueName":"search_term_string"}}],"inLanguage":"de"}]}},"_links":{"self":[{"href":"https:\/\/www.boerenbondsmuseum.nl\/de\/wp-json\/wp\/v2\/pages\/5737","targetHints":{"allow":["GET"]}}],"collection":[{"href":"https:\/\/www.boerenbondsmuseum.nl\/de\/wp-json\/wp\/v2\/pages"}],"about":[{"href":"https:\/\/www.boerenbondsmuseum.nl\/de\/wp-json\/wp\/v2\/types\/page"}],"author":[{"embeddable":true,"href":"https:\/\/www.boerenbondsmuseum.nl\/de\/wp-json\/wp\/v2\/users\/2"}],"replies":[{"embeddable":true,"href":"https:\/\/www.boerenbondsmuseum.nl\/de\/wp-json\/wp\/v2\/comments?post=5737"}],"version-history":[{"count":1,"href":"https:\/\/www.boerenbondsmuseum.nl\/de\/wp-json\/wp\/v2\/pages\/5737\/revisions"}],"predecessor-version":[{"id":6186,"href":"https:\/\/www.boerenbondsmuseum.nl\/de\/wp-json\/wp\/v2\/pages\/5737\/revisions\/6186"}],"wp:attachment":[{"href":"https:\/\/www.boerenbondsmuseum.nl\/de\/wp-json\/wp\/v2\/media?parent=5737"}],"curies":[{"name":"wp","href":"https:\/\/api.w.org\/{rel}","templated":true}]}}